{"id":1584,"date":"2025-05-06T00:35:39","date_gmt":"2025-05-05T22:35:39","guid":{"rendered":"https:\/\/im-einklang-sein.eu\/?page_id=1584"},"modified":"2025-05-20T22:17:47","modified_gmt":"2025-05-20T20:17:47","slug":"datenschutz","status":"publish","type":"page","link":"https:\/\/im-einklang-sein.eu\/pl\/datenschutz\/","title":{"rendered":"datenschutz"},"content":{"rendered":"<div data-elementor-type=\"wp-page\" data-elementor-id=\"1584\" class=\"elementor elementor-1584\">\n\t\t\t\t\t\t<section class=\"elementor-section elementor-top-section elementor-element elementor-element-970ea2f elementor-section-boxed elementor-section-height-default elementor-section-height-default wpr-particle-no wpr-jarallax-no wpr-parallax-no wpr-sticky-section-no\" data-id=\"970ea2f\" data-element_type=\"section\" data-e-type=\"section\">\n\t\t\t\t\t\t<div class=\"elementor-container elementor-column-gap-default\">\n\t\t\t\t\t<div class=\"elementor-column elementor-col-100 elementor-top-column elementor-element elementor-element-581fd9e\" data-id=\"581fd9e\" data-element_type=\"column\" data-e-type=\"column\">\n\t\t\t<div class=\"elementor-widget-wrap elementor-element-populated\">\n\t\t\t\t\t\t<div class=\"elementor-element elementor-element-9541812 elementor-widget elementor-widget-heading\" data-id=\"9541812\" data-element_type=\"widget\" data-e-type=\"widget\" data-widget_type=\"heading.default\">\n\t\t\t\t<div class=\"elementor-widget-container\">\n\t\t\t\t\t<h2 class=\"elementor-heading-title elementor-size-default\">Datenschutzerkl\u00e4rung<\/h2>\t\t\t\t<\/div>\n\t\t\t\t<\/div>\n\t\t\t\t\t<\/div>\n\t\t<\/div>\n\t\t\t\t\t<\/div>\n\t\t<\/section>\n\t\t\t\t<section class=\"elementor-section elementor-top-section elementor-element elementor-element-8475d6c elementor-section-boxed elementor-section-height-default elementor-section-height-default wpr-particle-no wpr-jarallax-no wpr-parallax-no wpr-sticky-section-no\" data-id=\"8475d6c\" data-element_type=\"section\" data-e-type=\"section\">\n\t\t\t\t\t\t<div class=\"elementor-container elementor-column-gap-default\">\n\t\t\t\t\t<div class=\"elementor-column elementor-col-100 elementor-top-column elementor-element elementor-element-b051037\" data-id=\"b051037\" data-element_type=\"column\" data-e-type=\"column\">\n\t\t\t<div class=\"elementor-widget-wrap elementor-element-populated\">\n\t\t\t\t\t\t<div class=\"elementor-element elementor-element-3a0adf1 elementor-widget elementor-widget-text-editor\" data-id=\"3a0adf1\" data-element_type=\"widget\" data-e-type=\"widget\" data-widget_type=\"text-editor.default\">\n\t\t\t\t<div class=\"elementor-widget-container\">\n\t\t\t\t\t\t\t\t\t<h1 data-start=\"149\" data-end=\"175\"><strong data-start=\"151\" data-end=\"175\">Datenschutzerkl\u00e4rung<\/strong><\/h1><p data-start=\"177\" data-end=\"476\">Ich freue mich \u00fcber Ihren Besuch auf meiner Webseite. Der Schutz Ihrer pers\u00f6nlichen Daten ist mir ein wichtiges Anliegen. Ich verarbeite Ihre Daten ausschlie\u00dflich auf Grundlage der gesetzlichen Vorgaben \u2013 insbesondere der Datenschutz-Grundverordnung (DSGVO) und des Bundesdatenschutzgesetzes (BDSG).<\/p><p data-start=\"478\" data-end=\"635\">Zur besseren Lesbarkeit verwende ich auf dieser Website teilweise das generische Maskulinum. Gemeint sind selbstverst\u00e4ndlich stets alle Geschlechter (m\/w\/d).<\/p><hr data-start=\"637\" data-end=\"640\" \/><h2 data-start=\"642\" data-end=\"674\"><strong data-start=\"645\" data-end=\"674\">1. Verantwortliche Stelle<\/strong><\/h2><p data-start=\"676\" data-end=\"727\">Verantwortlich im Sinne von Art. 4 Nr. 7 DSGVO ist:<\/p><p data-start=\"729\" data-end=\"882\"><strong data-start=\"729\" data-end=\"748\">Mariola K\u00fcsters<\/strong><br data-start=\"748\" data-end=\"751\" \/>Buchheimer Stra\u00dfe 11a<br data-start=\"772\" data-end=\"775\" \/>47800 Krefeld<br data-start=\"788\" data-end=\"791\" \/>E-Mail: <a class=\"cursor-pointer\" rel=\"noopener\" data-start=\"799\" data-end=\"882\">mariola.kuesters@im-einklang-sein.eu<\/a><\/p><hr data-start=\"884\" data-end=\"887\" \/><h2 data-start=\"889\" data-end=\"940\"><strong data-start=\"892\" data-end=\"940\">2. Allgemeine Hinweise zur Datenverarbeitung<\/strong><\/h2><p data-start=\"942\" data-end=\"1170\">Die Nutzung meiner Webseite ist grunds\u00e4tzlich ohne Angabe personenbezogener Daten m\u00f6glich. In bestimmten F\u00e4llen \u2013 z.\u202fB. bei Kontaktaufnahme per E-Mail \u2013 werden jedoch Daten verarbeitet, die Ihrer Person zugeordnet werden k\u00f6nnen.<\/p><p data-start=\"1172\" data-end=\"1337\">Diese Datenschutzerkl\u00e4rung informiert Sie dar\u00fcber, wie solche Daten verarbeitet werden, auf welcher rechtlichen Grundlage dies geschieht und welche Rechte Sie haben.<\/p><hr data-start=\"1339\" data-end=\"1342\" \/><h2 data-start=\"1344\" data-end=\"1369\"><strong data-start=\"1347\" data-end=\"1369\">3. Kontaktaufnahme<\/strong><\/h2><p data-start=\"1371\" data-end=\"1598\">Wenn Sie mich per E-Mail kontaktieren, speichere ich Ihre Angaben (z.\u202fB. Name, Telefonnummer, E-Mail-Adresse), um Ihre Anfrage beantworten zu k\u00f6nnen. Eine Weitergabe an Dritte erfolgt nicht ohne Ihre ausdr\u00fcckliche Einwilligung.<\/p><p data-start=\"1600\" data-end=\"1815\"><strong data-start=\"1600\" data-end=\"1620\">Rechtsgrundlage:<\/strong> Art. 6 Abs. 1 lit. b DSGVO (vorvertragliche Ma\u00dfnahmen)<br data-start=\"1675\" data-end=\"1678\" \/><strong data-start=\"1678\" data-end=\"1691\">L\u00f6schung:<\/strong> Die Daten werden gel\u00f6scht, sobald der Zweck der Speicherung entf\u00e4llt oder gesetzliche Aufbewahrungsfristen abgelaufen sind.<\/p><p data-start=\"1817\" data-end=\"2025\"><strong data-start=\"1817\" data-end=\"1829\">Hinweis:<\/strong> E-Mails sind technisch vergleichbar mit Postkarten und k\u00f6nnen auf dem \u00dcbertragungsweg mitgelesen werden. Bitte \u00fcbermitteln Sie keine sensiblen Daten per E-Mail. Nutzen Sie bei Bedarf das Telefon.<\/p><hr data-start=\"2027\" data-end=\"2030\" \/><h2 data-start=\"2032\" data-end=\"2066\"><strong data-start=\"2035\" data-end=\"2066\">4. SSL-\/TLS-Verschl\u00fcsselung<\/strong><\/h2><p data-start=\"2068\" data-end=\"2241\">Zur sicheren \u00dcbertragung verwendet meine Website eine SSL-Verschl\u00fcsselung. Diese erkennen Sie an der Adresszeile Ihres Browsers (\u201ehttps:\/\/\u201c) und ggf. an einem Schlosssymbol.<\/p><hr data-start=\"2243\" data-end=\"2246\" \/><h2 data-start=\"2248\" data-end=\"2314\"><strong data-start=\"2251\" data-end=\"2314\">5. Erhebung personenbezogener Daten beim Besuch der Website<\/strong><\/h2><p data-start=\"2316\" data-end=\"2444\">Beim Aufruf meiner Webseite werden durch den Hosting-Anbieter automatisch folgende Daten in sogenannten Server-Logfiles erfasst:<\/p><ul data-start=\"2446\" data-end=\"2744\"><li data-start=\"2446\" data-end=\"2473\"><p data-start=\"2448\" data-end=\"2473\">Browsertyp und -version<\/p><\/li><li data-start=\"2474\" data-end=\"2492\"><p data-start=\"2476\" data-end=\"2492\">Betriebssystem<\/p><\/li><li data-start=\"2493\" data-end=\"2535\"><p data-start=\"2495\" data-end=\"2535\">aufgerufene Seiten (inkl. Unterseiten)<\/p><\/li><li data-start=\"2536\" data-end=\"2575\"><p data-start=\"2538\" data-end=\"2575\">Referrer-URL (zuvor besuchte Seite)<\/p><\/li><li data-start=\"2576\" data-end=\"2613\"><p data-start=\"2578\" data-end=\"2613\">IP-Adresse (gek\u00fcrzt\/anonymisiert)<\/p><\/li><li data-start=\"2614\" data-end=\"2648\"><p data-start=\"2616\" data-end=\"2648\">Datum und Uhrzeit des Zugriffs<\/p><\/li><li data-start=\"2649\" data-end=\"2678\"><p data-start=\"2651\" data-end=\"2678\">Internet-Service-Provider<\/p><\/li><li data-start=\"2679\" data-end=\"2744\"><p data-start=\"2681\" data-end=\"2744\">sonstige technische Informationen zur Stabilit\u00e4t und Sicherheit<\/p><\/li><\/ul><p data-start=\"2746\" data-end=\"2962\">Diese Informationen sind ohne direkten Personenbezug und dienen der Sicherstellung eines st\u00f6rungsfreien Betriebs der Website sowie der Systemsicherheit. Es findet keine Zusammenf\u00fchrung mit anderen Datenquellen statt.<\/p><p data-start=\"2964\" data-end=\"3083\"><strong data-start=\"2964\" data-end=\"2984\">Rechtsgrundlage:<\/strong> Art. 6 Abs. 1 lit. f DSGVO (berechtigtes Interesse)<br data-start=\"3036\" data-end=\"3039\" \/><strong data-start=\"3039\" data-end=\"3052\">L\u00f6schung:<\/strong> Nach statistischer Auswertung.<\/p><hr data-start=\"3085\" data-end=\"3088\" \/><h2 data-start=\"3090\" data-end=\"3107\"><strong data-start=\"3093\" data-end=\"3107\">6. Cookies<\/strong><\/h2><p data-start=\"3109\" data-end=\"3206\">Meine Webseite verwendet Cookies \u2013 kleine Textdateien, die auf Ihrem Endger\u00e4t gespeichert werden.<\/p><p data-start=\"3208\" data-end=\"3230\"><strong data-start=\"3208\" data-end=\"3230\">Arten von Cookies:<\/strong><\/p><ul data-start=\"3231\" data-end=\"3424\"><li data-start=\"3231\" data-end=\"3334\"><p data-start=\"3233\" data-end=\"3334\"><strong data-start=\"3233\" data-end=\"3271\">Sitzungscookies (Session-Cookies):<\/strong> werden nach dem Schlie\u00dfen des Browsers automatisch gel\u00f6scht.<\/p><\/li><li data-start=\"3335\" data-end=\"3424\"><p data-start=\"3337\" data-end=\"3424\"><strong data-start=\"3337\" data-end=\"3360\">Dauerhafte Cookies:<\/strong> bleiben auf Ihrem Ger\u00e4t, bis sie gel\u00f6scht werden oder ablaufen.<\/p><\/li><\/ul><p data-start=\"3426\" data-end=\"3579\">Sie k\u00f6nnen die Speicherung von Cookies in Ihrem Browser deaktivieren oder einschr\u00e4nken. Dies kann jedoch zu Einschr\u00e4nkungen in der Funktionalit\u00e4t f\u00fchren.<\/p><p data-start=\"3581\" data-end=\"3690\"><strong data-start=\"3581\" data-end=\"3601\">Rechtsgrundlage:<\/strong> Art. 6 Abs. 1 lit. f DSGVO (berechtigtes Interesse an nutzerfreundlicher Funktionalit\u00e4t)<\/p><hr data-start=\"3692\" data-end=\"3695\" \/><h2 data-start=\"3697\" data-end=\"3734\"><strong data-start=\"3700\" data-end=\"3734\">7. Einbindung externer Inhalte<\/strong><\/h2><p data-start=\"3736\" data-end=\"3945\">Auf meiner Webseite k\u00f6nnen externe Inhalte eingebunden sein (z.\u202fB. Google Maps oder eingebettete Videos). Diese Anbieter k\u00f6nnen ebenfalls Cookies setzen und personenbezogene Daten (wie IP-Adresse) verarbeiten.<\/p><p data-start=\"3947\" data-end=\"4104\"><strong data-start=\"3947\" data-end=\"3967\">Rechtsgrundlage:<\/strong> Art. 6 Abs. 1 lit. a DSGVO (Einwilligung)<br data-start=\"4009\" data-end=\"4012\" \/>Die Inhalte werden erst geladen, nachdem Sie im Cookie-Banner Ihre Zustimmung gegeben haben.<\/p><hr data-start=\"4106\" data-end=\"4109\" \/><h2 data-start=\"4111\" data-end=\"4181\"><strong data-start=\"4114\" data-end=\"4181\">8. Verarbeitung personenbezogener Daten im Rahmen meiner Praxis<\/strong><\/h2><p data-start=\"4183\" data-end=\"4330\">Zur Erbringung medizinischer Leistungen verarbeite ich personenbezogene Daten im Rahmen eines Behandlungsverh\u00e4ltnisses. Dies betrifft insbesondere:<\/p><ul data-start=\"4332\" data-end=\"4436\"><li data-start=\"4332\" data-end=\"4348\"><p data-start=\"4334\" data-end=\"4348\">Kontaktdaten<\/p><\/li><li data-start=\"4349\" data-end=\"4417\"><p data-start=\"4351\" data-end=\"4417\">Gesundheitsdaten (z.\u202fB. Anamnese, Diagnosen, Therapien, Befunde)<\/p><\/li><li data-start=\"4418\" data-end=\"4436\"><p data-start=\"4420\" data-end=\"4436\">Abrechnungsdaten<\/p><\/li><\/ul><p data-start=\"4438\" data-end=\"4466\"><strong data-start=\"4438\" data-end=\"4466\">Zwecke der Verarbeitung:<\/strong><\/p><ul data-start=\"4467\" data-end=\"4585\"><li data-start=\"4467\" data-end=\"4495\"><p data-start=\"4469\" data-end=\"4495\">Behandlung und Betreuung<\/p><\/li><li data-start=\"4496\" data-end=\"4528\"><p data-start=\"4498\" data-end=\"4528\">Dokumentation und Verwaltung<\/p><\/li><li data-start=\"4529\" data-end=\"4585\"><p data-start=\"4531\" data-end=\"4585\">Abrechnung mit Versicherungen oder Verrechnungsstellen<\/p><\/li><\/ul><p data-start=\"4587\" data-end=\"4704\"><strong data-start=\"4587\" data-end=\"4607\">Rechtsgrundlage:<\/strong><br data-start=\"4607\" data-end=\"4610\" \/>Art. 6 Abs. 1 lit. b DSGVO (Vertragserf\u00fcllung)<br data-start=\"4656\" data-end=\"4659\" \/>Art. 9 Abs. 2 lit. h DSGVO (Gesundheitsdaten)<\/p><p data-start=\"4706\" data-end=\"4847\"><strong data-start=\"4706\" data-end=\"4726\">Datenweitergabe:<\/strong> Nur mit Ihrer Einwilligung oder wenn gesetzlich erlaubt \u2013 z.\u202fB. an Apotheken, Fach\u00e4rzt:innen oder Krankenversicherungen.<\/p><p data-start=\"4849\" data-end=\"4946\">Zugriff auf Ihre Daten haben ausschlie\u00dflich Personen, die zur Verschwiegenheit verpflichtet sind.<\/p><hr data-start=\"4948\" data-end=\"4951\" \/><h2 data-start=\"4953\" data-end=\"4974\"><strong data-start=\"4956\" data-end=\"4974\">9. Ihre Rechte<\/strong><\/h2><p data-start=\"4976\" data-end=\"5042\">Sie haben folgende Rechte bez\u00fcglich Ihrer personenbezogenen Daten:<\/p><ul data-start=\"5044\" data-end=\"5353\"><li data-start=\"5044\" data-end=\"5080\"><p data-start=\"5046\" data-end=\"5080\"><strong data-start=\"5046\" data-end=\"5058\">Auskunft<\/strong> gem\u00e4\u00df Art. 15 DSGVO<\/p><\/li><li data-start=\"5081\" data-end=\"5121\"><p data-start=\"5083\" data-end=\"5121\"><strong data-start=\"5083\" data-end=\"5099\">Berichtigung<\/strong> gem\u00e4\u00df Art. 16 DSGVO<\/p><\/li><li data-start=\"5122\" data-end=\"5188\"><p data-start=\"5124\" data-end=\"5188\"><strong data-start=\"5124\" data-end=\"5136\">L\u00f6schung<\/strong> (\u201eRecht auf Vergessenwerden\u201c) gem\u00e4\u00df Art. 17 DSGVO<\/p><\/li><li data-start=\"5189\" data-end=\"5247\"><p data-start=\"5191\" data-end=\"5247\"><strong data-start=\"5191\" data-end=\"5225\">Einschr\u00e4nkung der Verarbeitung<\/strong> gem\u00e4\u00df Art. 18 DSGVO<\/p><\/li><li data-start=\"5248\" data-end=\"5296\"><p data-start=\"5250\" data-end=\"5296\"><strong data-start=\"5250\" data-end=\"5274\">Daten\u00fcbertragbarkeit<\/strong> gem\u00e4\u00df Art. 20 DSGVO<\/p><\/li><li data-start=\"5297\" data-end=\"5353\"><p data-start=\"5299\" data-end=\"5353\"><strong data-start=\"5299\" data-end=\"5333\">Widerspruch gegen Verarbeitung<\/strong> gem\u00e4\u00df Art. 21 DSGVO<\/p><\/li><\/ul><p data-start=\"5355\" data-end=\"5477\">Bitte richten Sie Ihre Anfragen an die oben genannte Kontaktadresse. Ihre Anfrage wird innerhalb eines Monats beantwortet.<\/p><hr data-start=\"5479\" data-end=\"5482\" \/><h2 data-start=\"5484\" data-end=\"5517\"><strong data-start=\"5487\" data-end=\"5517\">10. Widerruf &amp; Widerspruch<\/strong><\/h2><p data-start=\"5519\" data-end=\"5652\"><strong data-start=\"5519\" data-end=\"5532\">Widerruf:<\/strong> Sie k\u00f6nnen eine erteilte Einwilligung jederzeit widerrufen. Die bis dahin erfolgte Datenverarbeitung bleibt rechtm\u00e4\u00dfig.<\/p><p data-start=\"5654\" data-end=\"5894\"><strong data-start=\"5654\" data-end=\"5670\">Widerspruch:<\/strong> Sie k\u00f6nnen der Verarbeitung aufgrund berechtigter Interessen (Art. 6 Abs. 1 lit. f DSGVO) jederzeit widersprechen. Bitte geben Sie daf\u00fcr eine Begr\u00fcndung an. Wir pr\u00fcfen dann, ob zwingende schutzw\u00fcrdige Gr\u00fcnde entgegenstehen.<\/p><p data-start=\"5896\" data-end=\"6032\"><strong data-start=\"5896\" data-end=\"5938\">Kontakt f\u00fcr Widerruf oder Widerspruch:<\/strong><br data-start=\"5938\" data-end=\"5941\" \/>E-Mail: <a class=\"cursor-pointer\" rel=\"noopener\" data-start=\"5949\" data-end=\"6032\">mariola.kuesters@im-einklang-sein.eu<\/a><\/p><hr data-start=\"6034\" data-end=\"6037\" \/><h2 data-start=\"6039\" data-end=\"6065\"><strong data-start=\"6042\" data-end=\"6065\">11. Beschwerderecht<\/strong><\/h2><p data-start=\"6067\" data-end=\"6257\">Sollten Sie der Ansicht sein, dass die Verarbeitung Ihrer Daten gegen Datenschutzrecht verst\u00f6\u00dft, haben Sie das Recht zur Beschwerde bei einer Datenschutzaufsichtsbeh\u00f6rde gem\u00e4\u00df Art. 77 DSGVO.<\/p><hr data-start=\"6259\" data-end=\"6262\" \/><h2 data-start=\"6264\" data-end=\"6316\"><strong data-start=\"6267\" data-end=\"6316\">12. Keine automatisierte Entscheidungsfindung<\/strong><\/h2><p data-start=\"6318\" data-end=\"6411\">Es findet keine automatisierte Entscheidungsfindung oder Profiling gem\u00e4\u00df Art. 22 DSGVO statt.<\/p><hr data-start=\"6413\" data-end=\"6416\" \/><h2 data-start=\"6418\" data-end=\"6456\"><strong data-start=\"6421\" data-end=\"6456\">13. Hinweise zu Rechtsverst\u00f6\u00dfen<\/strong><\/h2><p data-start=\"6458\" data-end=\"6815\">Wenn Sie auf m\u00f6gliche Rechtsverst\u00f6\u00dfe (insbesondere urheberrechtlicher Art) auf meiner Webseite aufmerksam werden, bitte ich um direkte Kontaktaufnahme \u2013 ohne Einschaltung eines Anwalts. Ich sichere zu, berechtigte Hinweise umgehend zu pr\u00fcfen und ggf. abzu\u00e4ndern. Kosten durch eine anwaltliche Abmahnung ohne vorherige Kontaktaufnahme werde ich zur\u00fcckweisen.<\/p>\t\t\t\t\t\t\t\t<\/div>\n\t\t\t\t<\/div>\n\t\t\t\t\t<\/div>\n\t\t<\/div>\n\t\t\t\t\t<\/div>\n\t\t<\/section>\n\t\t\t\t<\/div>","protected":false},"excerpt":{"rendered":"<p>Datenschutzerkl\u00e4rung Datenschutzerkl\u00e4rung Ich freue mich \u00fcber Ihren Besuch auf meiner Webseite. Der Schutz Ihrer pers\u00f6nlichen Daten ist mir ein wichtiges Anliegen. Ich verarbeite Ihre Daten ausschlie\u00dflich auf Grundlage der gesetzlichen Vorgaben \u2013 insbesondere der Datenschutz-Grundverordnung (DSGVO) und des Bundesdatenschutzgesetzes (BDSG). Zur besseren Lesbarkeit verwende ich auf dieser Website teilweise das generische Maskulinum. Gemeint sind selbstverst\u00e4ndlich stets alle Geschlechter (m\/w\/d). 1. Verantwortliche Stelle Verantwortlich im Sinne von Art. 4 Nr. 7 DSGVO ist: Mariola K\u00fcstersBuchheimer Stra\u00dfe 11a47800 KrefeldE-Mail: mariola.kuesters@im-einklang-sein.eu 2. Allgemeine Hinweise zur Datenverarbeitung Die Nutzung meiner Webseite ist grunds\u00e4tzlich ohne Angabe personenbezogener Daten m\u00f6glich. In bestimmten F\u00e4llen \u2013 z.\u202fB. bei Kontaktaufnahme per E-Mail \u2013 werden jedoch Daten verarbeitet, die Ihrer Person zugeordnet werden k\u00f6nnen. Diese Datenschutzerkl\u00e4rung informiert Sie dar\u00fcber, wie solche Daten verarbeitet werden, auf welcher rechtlichen Grundlage dies geschieht und welche Rechte Sie haben. 3. Kontaktaufnahme Wenn Sie mich per E-Mail kontaktieren, speichere ich Ihre Angaben (z.\u202fB. Name, Telefonnummer, E-Mail-Adresse), um Ihre Anfrage beantworten zu k\u00f6nnen. Eine Weitergabe an Dritte erfolgt nicht ohne Ihre ausdr\u00fcckliche Einwilligung. Rechtsgrundlage: Art. 6 Abs. 1 lit. b DSGVO (vorvertragliche Ma\u00dfnahmen)L\u00f6schung: Die Daten werden gel\u00f6scht, sobald der Zweck der Speicherung entf\u00e4llt oder gesetzliche Aufbewahrungsfristen abgelaufen sind. Hinweis: E-Mails sind technisch vergleichbar mit Postkarten und k\u00f6nnen auf dem \u00dcbertragungsweg mitgelesen werden. Bitte \u00fcbermitteln Sie keine sensiblen Daten per E-Mail. Nutzen Sie bei Bedarf das Telefon. 4. SSL-\/TLS-Verschl\u00fcsselung Zur sicheren \u00dcbertragung verwendet meine Website eine SSL-Verschl\u00fcsselung. Diese erkennen Sie an der Adresszeile Ihres Browsers (\u201ehttps:\/\/\u201c) und ggf. an einem Schlosssymbol. 5. Erhebung personenbezogener Daten beim Besuch der Website Beim Aufruf meiner Webseite werden durch den Hosting-Anbieter automatisch folgende Daten in sogenannten Server-Logfiles erfasst: Browsertyp und -version Betriebssystem aufgerufene Seiten (inkl. Unterseiten) Referrer-URL (zuvor besuchte Seite) IP-Adresse (gek\u00fcrzt\/anonymisiert) Datum und Uhrzeit des Zugriffs Internet-Service-Provider sonstige technische Informationen zur Stabilit\u00e4t und Sicherheit Diese Informationen sind ohne direkten Personenbezug und dienen der Sicherstellung eines st\u00f6rungsfreien Betriebs der Website sowie der Systemsicherheit. Es findet keine Zusammenf\u00fchrung mit anderen Datenquellen statt. Rechtsgrundlage: Art. 6 Abs. 1 lit. f DSGVO (berechtigtes Interesse)L\u00f6schung: Nach statistischer Auswertung. 6. Cookies Meine Webseite verwendet Cookies \u2013 kleine Textdateien, die auf Ihrem Endger\u00e4t gespeichert werden. Arten von Cookies: Sitzungscookies (Session-Cookies): werden nach dem Schlie\u00dfen des Browsers automatisch gel\u00f6scht. Dauerhafte Cookies: bleiben auf Ihrem Ger\u00e4t, bis sie gel\u00f6scht werden oder ablaufen. Sie k\u00f6nnen die Speicherung von Cookies in Ihrem Browser deaktivieren oder einschr\u00e4nken. Dies kann jedoch zu Einschr\u00e4nkungen in der Funktionalit\u00e4t f\u00fchren. Rechtsgrundlage: Art. 6 Abs. 1 lit. f DSGVO (berechtigtes Interesse an nutzerfreundlicher Funktionalit\u00e4t) 7. Einbindung externer Inhalte Auf meiner Webseite k\u00f6nnen externe Inhalte eingebunden sein (z.\u202fB. Google Maps oder eingebettete Videos). Diese Anbieter k\u00f6nnen ebenfalls Cookies setzen und personenbezogene Daten (wie IP-Adresse) verarbeiten. Rechtsgrundlage: Art. 6 Abs. 1 lit. a DSGVO (Einwilligung)Die Inhalte werden erst geladen, nachdem Sie im Cookie-Banner Ihre Zustimmung gegeben haben. 8. Verarbeitung personenbezogener Daten im Rahmen meiner Praxis Zur Erbringung medizinischer Leistungen verarbeite ich personenbezogene Daten im Rahmen eines Behandlungsverh\u00e4ltnisses. Dies betrifft insbesondere: Kontaktdaten Gesundheitsdaten (z.\u202fB. Anamnese, Diagnosen, Therapien, Befunde) Abrechnungsdaten Zwecke der Verarbeitung: Behandlung und Betreuung Dokumentation und Verwaltung Abrechnung mit Versicherungen oder Verrechnungsstellen Rechtsgrundlage:Art. 6 Abs. 1 lit. b DSGVO (Vertragserf\u00fcllung)Art. 9 Abs. 2 lit. h DSGVO (Gesundheitsdaten) Datenweitergabe: Nur mit Ihrer Einwilligung oder wenn gesetzlich erlaubt \u2013 z.\u202fB. an Apotheken, Fach\u00e4rzt:innen oder Krankenversicherungen. Zugriff auf Ihre Daten haben ausschlie\u00dflich Personen, die zur Verschwiegenheit verpflichtet sind. 9. Ihre Rechte Sie haben folgende Rechte bez\u00fcglich Ihrer personenbezogenen Daten: Auskunft gem\u00e4\u00df Art. 15 DSGVO Berichtigung gem\u00e4\u00df Art. 16 DSGVO L\u00f6schung (\u201eRecht auf Vergessenwerden\u201c) gem\u00e4\u00df Art. 17 DSGVO Einschr\u00e4nkung der Verarbeitung gem\u00e4\u00df Art. 18 DSGVO Daten\u00fcbertragbarkeit gem\u00e4\u00df Art. 20 DSGVO Widerspruch gegen Verarbeitung gem\u00e4\u00df Art. 21 DSGVO Bitte richten Sie Ihre Anfragen an die oben genannte Kontaktadresse. Ihre Anfrage wird innerhalb eines Monats beantwortet. 10. Widerruf &amp; Widerspruch Widerruf: Sie k\u00f6nnen eine erteilte Einwilligung jederzeit widerrufen. Die bis dahin erfolgte Datenverarbeitung bleibt rechtm\u00e4\u00dfig. Widerspruch: Sie k\u00f6nnen der Verarbeitung aufgrund berechtigter Interessen (Art. 6 Abs. 1 lit. f DSGVO) jederzeit widersprechen. Bitte geben Sie daf\u00fcr eine Begr\u00fcndung an. Wir pr\u00fcfen dann, ob zwingende schutzw\u00fcrdige Gr\u00fcnde entgegenstehen. Kontakt f\u00fcr Widerruf oder Widerspruch:E-Mail: mariola.kuesters@im-einklang-sein.eu 11. Beschwerderecht Sollten Sie der Ansicht sein, dass die Verarbeitung Ihrer Daten gegen Datenschutzrecht verst\u00f6\u00dft, haben Sie das Recht zur Beschwerde bei einer Datenschutzaufsichtsbeh\u00f6rde gem\u00e4\u00df Art. 77 DSGVO. 12. Keine automatisierte Entscheidungsfindung Es findet keine automatisierte Entscheidungsfindung oder Profiling gem\u00e4\u00df Art. 22 DSGVO statt. 13. Hinweise zu Rechtsverst\u00f6\u00dfen Wenn Sie auf m\u00f6gliche Rechtsverst\u00f6\u00dfe (insbesondere urheberrechtlicher Art) auf meiner Webseite aufmerksam werden, bitte ich um direkte Kontaktaufnahme \u2013 ohne Einschaltung eines Anwalts. Ich sichere zu, berechtigte Hinweise umgehend zu pr\u00fcfen und ggf. abzu\u00e4ndern. Kosten durch eine anwaltliche Abmahnung ohne vorherige Kontaktaufnahme werde ich zur\u00fcckweisen.<\/p>","protected":false},"author":1,"featured_media":0,"parent":0,"menu_order":0,"comment_status":"closed","ping_status":"closed","template":"","meta":{"footnotes":""},"class_list":["post-1584","page","type-page","status-publish","hentry"],"_links":{"self":[{"href":"https:\/\/im-einklang-sein.eu\/pl\/wp-json\/wp\/v2\/pages\/1584","targetHints":{"allow":["GET"]}}],"collection":[{"href":"https:\/\/im-einklang-sein.eu\/pl\/wp-json\/wp\/v2\/pages"}],"about":[{"href":"https:\/\/im-einklang-sein.eu\/pl\/wp-json\/wp\/v2\/types\/page"}],"author":[{"embeddable":true,"href":"https:\/\/im-einklang-sein.eu\/pl\/wp-json\/wp\/v2\/users\/1"}],"replies":[{"embeddable":true,"href":"https:\/\/im-einklang-sein.eu\/pl\/wp-json\/wp\/v2\/comments?post=1584"}],"version-history":[{"count":2,"href":"https:\/\/im-einklang-sein.eu\/pl\/wp-json\/wp\/v2\/pages\/1584\/revisions"}],"predecessor-version":[{"id":1901,"href":"https:\/\/im-einklang-sein.eu\/pl\/wp-json\/wp\/v2\/pages\/1584\/revisions\/1901"}],"wp:attachment":[{"href":"https:\/\/im-einklang-sein.eu\/pl\/wp-json\/wp\/v2\/media?parent=1584"}],"curies":[{"name":"wp","href":"https:\/\/api.w.org\/{rel}","templated":true}]}}