{"id":1818,"date":"2025-05-12T18:11:40","date_gmt":"2025-05-12T16:11:40","guid":{"rendered":"https:\/\/im-einklang-sein.eu\/?page_id=1818"},"modified":"2025-05-20T22:18:56","modified_gmt":"2025-05-20T20:18:56","slug":"impressum","status":"publish","type":"page","link":"https:\/\/im-einklang-sein.eu\/pl\/impressum\/","title":{"rendered":"Impressum"},"content":{"rendered":"<div data-elementor-type=\"wp-page\" data-elementor-id=\"1818\" class=\"elementor elementor-1818\">\n\t\t\t\t\t\t<section class=\"elementor-section elementor-top-section elementor-element elementor-element-970ea2f elementor-section-boxed elementor-section-height-default elementor-section-height-default wpr-particle-no wpr-jarallax-no wpr-parallax-no wpr-sticky-section-no\" data-id=\"970ea2f\" data-element_type=\"section\" data-e-type=\"section\">\n\t\t\t\t\t\t<div class=\"elementor-container elementor-column-gap-default\">\n\t\t\t\t\t<div class=\"elementor-column elementor-col-100 elementor-top-column elementor-element elementor-element-581fd9e\" data-id=\"581fd9e\" data-element_type=\"column\" data-e-type=\"column\">\n\t\t\t<div class=\"elementor-widget-wrap elementor-element-populated\">\n\t\t\t\t\t\t<div class=\"elementor-element elementor-element-9541812 elementor-widget elementor-widget-heading\" data-id=\"9541812\" data-element_type=\"widget\" data-e-type=\"widget\" data-widget_type=\"heading.default\">\n\t\t\t\t<div class=\"elementor-widget-container\">\n\t\t\t\t\t<h2 class=\"elementor-heading-title elementor-size-default\">Impressum<\/h2>\t\t\t\t<\/div>\n\t\t\t\t<\/div>\n\t\t\t\t\t<\/div>\n\t\t<\/div>\n\t\t\t\t\t<\/div>\n\t\t<\/section>\n\t\t\t\t<section class=\"elementor-section elementor-top-section elementor-element elementor-element-8475d6c elementor-section-boxed elementor-section-height-default elementor-section-height-default wpr-particle-no wpr-jarallax-no wpr-parallax-no wpr-sticky-section-no\" data-id=\"8475d6c\" data-element_type=\"section\" data-e-type=\"section\">\n\t\t\t\t\t\t<div class=\"elementor-container elementor-column-gap-default\">\n\t\t\t\t\t<div class=\"elementor-column elementor-col-100 elementor-top-column elementor-element elementor-element-b051037\" data-id=\"b051037\" data-element_type=\"column\" data-e-type=\"column\">\n\t\t\t<div class=\"elementor-widget-wrap elementor-element-populated\">\n\t\t\t\t\t\t<div class=\"elementor-element elementor-element-3a0adf1 elementor-widget elementor-widget-text-editor\" data-id=\"3a0adf1\" data-element_type=\"widget\" data-e-type=\"widget\" data-widget_type=\"text-editor.default\">\n\t\t\t\t<div class=\"elementor-widget-container\">\n\t\t\t\t\t\t\t\t\t<h2 data-start=\"217\" data-end=\"231\">Impressum<\/h2><p data-start=\"232\" data-end=\"257\"><strong data-start=\"232\" data-end=\"257\">Angaben gem\u00e4\u00df \u00a7 5 TMG<\/strong><\/p><p data-start=\"259\" data-end=\"332\"><strong data-start=\"259\" data-end=\"278\">Mariola K\u00fcsters<\/strong><br data-start=\"278\" data-end=\"281\" \/>Buchheimer Stra\u00dfe 11a<br data-start=\"302\" data-end=\"305\" \/>47800 Krefeld<br data-start=\"318\" data-end=\"321\" \/>Deutschland<\/p><h3 data-start=\"334\" data-end=\"347\">Kontakt<\/h3><p data-start=\"348\" data-end=\"419\">Telefon: +48 600 377 445<br data-start=\"372\" data-end=\"375\" \/>E-Mail: <a class=\"cursor-pointer\" rel=\"noopener\" data-start=\"383\" data-end=\"419\">mariola.kuesters@im-einklang-sein.eu<\/a><\/p><hr data-start=\"421\" data-end=\"424\" \/><h3 data-start=\"426\" data-end=\"452\">EU-Streitschlichtung<\/h3><p data-start=\"453\" data-end=\"672\">Die Europ\u00e4ische Kommission stellt eine Plattform zur Online-Streitbeilegung (OS) bereit:<br data-start=\"541\" data-end=\"544\" \/><a class=\"\" href=\"https:\/\/ec.europa.eu\/consumers\/odr\/\" target=\"_new\" rel=\"noopener\" data-start=\"544\" data-end=\"618\">https:\/\/ec.europa.eu\/consumers\/odr\/<\/a><br data-start=\"618\" data-end=\"621\" \/>Unsere E-Mail-Adresse finden Sie oben im Impressum.<\/p><hr data-start=\"674\" data-end=\"677\" \/><h3 data-start=\"679\" data-end=\"741\">Verbraucherstreitbeilegung \/ Universalschlichtungsstelle<\/h3><p data-start=\"742\" data-end=\"865\">Wir sind nicht bereit oder verpflichtet, an Streitbeilegungsverfahren vor einer Verbraucherschlichtungsstelle teilzunehmen.<\/p><hr data-start=\"867\" data-end=\"870\" \/><h3 data-start=\"872\" data-end=\"890\">Urheberrecht<\/h3><p data-start=\"891\" data-end=\"1182\">Alle auf dieser Webseite ver\u00f6ffentlichten Inhalte (Texte, Bilder, Grafiken etc.) unterliegen dem Urheberrecht. Die Vervielf\u00e4ltigung, Bearbeitung, Verbreitung oder sonstige Verwertung au\u00dferhalb der Grenzen des Urheberrechts bed\u00fcrfen der schriftlichen Zustimmung des jeweiligen Rechteinhabers.<\/p><p data-start=\"1184\" data-end=\"1528\">Soweit Inhalte nicht vom Betreiber erstellt wurden, werden die Urheberrechte Dritter beachtet und entsprechende Quellen kenntlich gemacht. Sollten Sie dennoch auf eine Urheberrechtsverletzung aufmerksam werden, bitten wir um einen entsprechenden Hinweis. Bei Bekanntwerden von Rechtsverletzungen werden wir derartige Inhalte umgehend entfernen.<\/p><hr data-start=\"1530\" data-end=\"1533\" \/><p data-start=\"1535\" data-end=\"1653\"><strong data-start=\"1535\" data-end=\"1546\">Quelle:<\/strong><br data-start=\"1546\" data-end=\"1549\" \/>Dieses Impressum wurde erstellt mit dem Impressum-Generator von <a class=\"\" href=\"https:\/\/www.e-recht24.de\" target=\"_new\" rel=\"noopener\" data-start=\"1613\" data-end=\"1653\">e-recht24.de<\/a><\/p>\t\t\t\t\t\t\t\t<\/div>\n\t\t\t\t<\/div>\n\t\t\t\t\t<\/div>\n\t\t<\/div>\n\t\t\t\t\t<\/div>\n\t\t<\/section>\n\t\t\t\t<\/div>","protected":false},"excerpt":{"rendered":"<p>Impressum Impressum Angaben gem\u00e4\u00df \u00a7 5 TMG Mariola K\u00fcstersBuchheimer Stra\u00dfe 11a47800 KrefeldDeutschland Kontakt Telefon: +48 600 377 445E-Mail: mariola.kuesters@im-einklang-sein.eu EU-Streitschlichtung Die Europ\u00e4ische Kommission stellt eine Plattform zur Online-Streitbeilegung (OS) bereit:https:\/\/ec.europa.eu\/consumers\/odr\/Unsere E-Mail-Adresse finden Sie oben im Impressum. Verbraucherstreitbeilegung \/ Universalschlichtungsstelle Wir sind nicht bereit oder verpflichtet, an Streitbeilegungsverfahren vor einer Verbraucherschlichtungsstelle teilzunehmen. Urheberrecht Alle auf dieser Webseite ver\u00f6ffentlichten Inhalte (Texte, Bilder, Grafiken etc.) unterliegen dem Urheberrecht. Die Vervielf\u00e4ltigung, Bearbeitung, Verbreitung oder sonstige Verwertung au\u00dferhalb der Grenzen des Urheberrechts bed\u00fcrfen der schriftlichen Zustimmung des jeweiligen Rechteinhabers. Soweit Inhalte nicht vom Betreiber erstellt wurden, werden die Urheberrechte Dritter beachtet und entsprechende Quellen kenntlich gemacht. Sollten Sie dennoch auf eine Urheberrechtsverletzung aufmerksam werden, bitten wir um einen entsprechenden Hinweis. Bei Bekanntwerden von Rechtsverletzungen werden wir derartige Inhalte umgehend entfernen. Quelle:Dieses Impressum wurde erstellt mit dem Impressum-Generator von e-recht24.de<\/p>","protected":false},"author":1,"featured_media":0,"parent":0,"menu_order":0,"comment_status":"closed","ping_status":"closed","template":"","meta":{"footnotes":""},"class_list":["post-1818","page","type-page","status-publish","hentry"],"_links":{"self":[{"href":"https:\/\/im-einklang-sein.eu\/pl\/wp-json\/wp\/v2\/pages\/1818","targetHints":{"allow":["GET"]}}],"collection":[{"href":"https:\/\/im-einklang-sein.eu\/pl\/wp-json\/wp\/v2\/pages"}],"about":[{"href":"https:\/\/im-einklang-sein.eu\/pl\/wp-json\/wp\/v2\/types\/page"}],"author":[{"embeddable":true,"href":"https:\/\/im-einklang-sein.eu\/pl\/wp-json\/wp\/v2\/users\/1"}],"replies":[{"embeddable":true,"href":"https:\/\/im-einklang-sein.eu\/pl\/wp-json\/wp\/v2\/comments?post=1818"}],"version-history":[{"count":2,"href":"https:\/\/im-einklang-sein.eu\/pl\/wp-json\/wp\/v2\/pages\/1818\/revisions"}],"predecessor-version":[{"id":1904,"href":"https:\/\/im-einklang-sein.eu\/pl\/wp-json\/wp\/v2\/pages\/1818\/revisions\/1904"}],"wp:attachment":[{"href":"https:\/\/im-einklang-sein.eu\/pl\/wp-json\/wp\/v2\/media?parent=1818"}],"curies":[{"name":"wp","href":"https:\/\/api.w.org\/{rel}","templated":true}]}}